{"id":21067,"date":"2024-04-30T17:03:08","date_gmt":"2024-04-30T17:03:08","guid":{"rendered":"http:\/\/catherineosullivan.com\/?page_id=21067"},"modified":"2024-05-06T23:16:17","modified_gmt":"2024-05-06T23:16:17","slug":"datenschutz","status":"publish","type":"page","link":"http:\/\/catherineosullivan.com\/fr\/datenschutz\/","title":{"rendered":"Protection des donn\u00e9es"},"content":{"rendered":"<div data-elementor-type=\"wp-page\" data-elementor-id=\"21067\" class=\"elementor elementor-21067\">\n\t\t\t\t\t\t<section class=\"elementor-section elementor-top-section elementor-element elementor-element-ef22d99 elementor-section-boxed elementor-section-height-default elementor-section-height-default sc_fly_static\" data-id=\"ef22d99\" data-element_type=\"section\" data-e-type=\"section\">\n\t\t\t\t\t\t<div class=\"elementor-container elementor-column-gap-extended\">\n\t\t\t\t\t<div class=\"elementor-column elementor-col-100 elementor-top-column elementor-element elementor-element-f6efa63 sc_content_align_inherit sc_layouts_column_icons_position_left sc_fly_static\" data-id=\"f6efa63\" data-element_type=\"column\" data-e-type=\"column\">\n\t\t\t<div class=\"elementor-widget-wrap elementor-element-populated\">\n\t\t\t\t\t\t<div class=\"elementor-element elementor-element-963404d sc_fly_static elementor-widget elementor-widget-heading\" data-id=\"963404d\" data-element_type=\"widget\" data-e-type=\"widget\" data-widget_type=\"heading.default\">\n\t\t\t\t<div class=\"elementor-widget-container\">\n\t\t\t\t\t<h2 class=\"elementor-heading-title elementor-size-default\">Protection des donn\u00e9es<\/h2>\t\t\t\t<\/div>\n\t\t\t\t<\/div>\n\t\t\t\t<div class=\"elementor-element elementor-element-a0187b8 sc_fly_static elementor-widget elementor-widget-text-editor\" data-id=\"a0187b8\" data-element_type=\"widget\" data-e-type=\"widget\" data-widget_type=\"text-editor.default\">\n\t\t\t\t<div class=\"elementor-widget-container\">\n\t\t\t\t\t\t\t\t\t<p>Wir freuen uns \u00fcber Ihr Interesse an unserer Website. Der Schutz Ihrer Privatsph\u00e4re ist f\u00fcr uns sehr wichtig. Nachfolgend informieren wir Sie ausf\u00fchrlich \u00fcber den Umgang mit Ihren Daten.<\/p><ol><li>Datenerfassung auf unserer Website: Bei jedem Zugriff auf unsere Website werden automatisch Informationen durch Ihren Internetbrowser an unseren Server \u00fcbermittelt und in Logfiles gespeichert. Diese Informationen umfassen:<\/li><\/ol><ul><li>Browsertyp und Browserversion<\/li><li>verwendetes Betriebssystem<\/li><li>Referrer URL<\/li><li>Hostname des zugreifenden Rechners<\/li><li>Uhrzeit der Serveranfrage<\/li><li>IP-Adresse<\/li><\/ul><p>Diese Daten sind nicht bestimmten Personen zuordenbar. Eine Zusammenf\u00fchrung dieser Daten mit anderen Datenquellen wird nicht vorgenommen. Wir behalten uns jedoch vor, diese Daten nachtr\u00e4glich zu pr\u00fcfen, wenn uns konkrete Anhaltspunkte f\u00fcr eine rechtswidrige Nutzung bekannt werden.<\/p><ol start=\"2\"><li>Cookies: Unsere Website verwendet Cookies. Cookies sind kleine Textdateien, die auf Ihrem Endger\u00e4t gespeichert werden und die eine Analyse der Benutzung der Website erm\u00f6glichen. Sie dienen dazu, unsere Website nutzerfreundlicher, effektiver und sicherer zu machen. Einige der Cookies, die wir verwenden, sind sogenannte &#8220;Session-Cookies&#8221;. Sie werden nach Ende Ihres Besuchs automatisch gel\u00f6scht. Andere Cookies bleiben auf Ihrem Endger\u00e4t gespeichert, bis Sie diese l\u00f6schen. Diese Cookies erm\u00f6glichen es uns, Ihren Browser beim n\u00e4chsten Besuch wiederzuerkennen.<\/li><\/ol><p>Sie k\u00f6nnen Ihren Browser so einstellen, dass Sie \u00fcber das Setzen von Cookies informiert werden und Cookies nur im Einzelfall erlauben, die Annahme von Cookies f\u00fcr bestimmte F\u00e4lle oder generell ausschlie\u00dfen sowie das automatische L\u00f6schen der Cookies beim Schlie\u00dfen des Browser aktivieren. Bei der Deaktivierung von Cookies kann die Funktionalit\u00e4t dieser Website eingeschr\u00e4nkt sein.<\/p><ol start=\"3\"><li><p>Einsatz von Analysetools: Unsere Website verzichtet derzeit auf den Einsatz von Analysetools zur Auswertung des Nutzerverhaltens.<\/p><\/li><li><p>Weitergabe von Daten an Dritte: Eine Weitergabe von Daten an Dritte findet derzeit nicht statt. Sollten in Zukunft Plugins oder Tools eingef\u00fchrt werden, die eine Daten\u00fcbermittlung an Dritte erfordern, werden wir Sie an dieser Stelle dar\u00fcber informieren und gegebenenfalls eine entsprechende Einwilligung einholen.<\/p><\/li><li><p>Auskunft, L\u00f6schung, Sperrung: Sie haben jederzeit das Recht auf unentgeltliche Auskunft \u00fcber Ihre gespeicherten personenbezogenen Daten, deren Herkunft und Empf\u00e4nger und den Zweck der Datenverarbeitung sowie ein Recht auf Berichtigung, Sperrung oder L\u00f6schung dieser Daten. Hierzu sowie zu weiteren Fragen zum Thema personenbezogene Daten k\u00f6nnen Sie sich jederzeit unter der im Impressum angegebenen Adresse an uns wenden.<\/p><\/li><li><p>\u00c4nderung unserer Datenschutzbestimmungen: Wir behalten uns vor, diese Datenschutzerkl\u00e4rung gelegentlich anzupassen, damit sie stets den aktuellen rechtlichen Anforderungen entspricht oder um \u00c4nderungen unserer Leistungen in der Datenschutzerkl\u00e4rung umzusetzen. F\u00fcr Ihren erneuten Besuch gilt dann die neue Datenschutzerkl\u00e4rung.<\/p><\/li><\/ol>\t\t\t\t\t\t\t\t<\/div>\n\t\t\t\t<\/div>\n\t\t\t\t\t<\/div>\n\t\t<\/div>\n\t\t\t\t\t<\/div>\n\t\t<\/section>\n\t\t\t\t<\/div>","protected":false},"excerpt":{"rendered":"<p>Datenschutz Wir freuen uns \u00fcber Ihr Interesse an unserer Website. Der Schutz Ihrer Privatsph\u00e4re ist f\u00fcr uns sehr wichtig. Nachfolgend informieren wir Sie ausf\u00fchrlich \u00fcber den Umgang mit Ihren Daten.&hellip;<\/p>","protected":false},"author":1,"featured_media":0,"parent":0,"menu_order":0,"comment_status":"closed","ping_status":"closed","template":"","meta":{"_crdt_document":"","footnotes":""},"class_list":["post-21067","page","type-page","status-publish","hentry"],"yoast_head":"<!-- This site is optimized with the Yoast SEO plugin v27.4 - https:\/\/yoast.com\/product\/yoast-seo-wordpress\/ -->\n<title>Datenschutz - Catherine O&#039; Sullivan Coaching<\/title>\n<meta name=\"robots\" content=\"index, follow, max-snippet:-1, max-image-preview:large, max-video-preview:-1\" \/>\n<link rel=\"canonical\" href=\"https:\/\/catherineosullivan.com\/fr\/datenschutz\/\" \/>\n<meta property=\"og:locale\" content=\"fr_FR\" \/>\n<meta property=\"og:type\" content=\"article\" \/>\n<meta property=\"og:title\" content=\"Datenschutz - Catherine O&#039; Sullivan Coaching\" \/>\n<meta property=\"og:description\" content=\"Datenschutz Wir freuen uns \u00fcber Ihr Interesse an unserer Website. Der Schutz Ihrer Privatsph\u00e4re ist f\u00fcr uns sehr wichtig. Nachfolgend informieren wir Sie ausf\u00fchrlich \u00fcber den Umgang mit Ihren Daten.&hellip;\" \/>\n<meta property=\"og:url\" content=\"https:\/\/catherineosullivan.com\/fr\/datenschutz\/\" \/>\n<meta property=\"og:site_name\" content=\"Catherine O&#039; Sullivan Coaching\" \/>\n<meta property=\"article:modified_time\" content=\"2024-05-06T23:16:17+00:00\" \/>\n<meta name=\"twitter:card\" content=\"summary_large_image\" \/>\n<meta name=\"twitter:label1\" content=\"Dur\u00e9e de lecture estim\u00e9e\" \/>\n\t<meta name=\"twitter:data1\" content=\"2 minutes\" \/>\n<script type=\"application\/ld+json\" class=\"yoast-schema-graph\">{\"@context\":\"https:\\\/\\\/schema.org\",\"@graph\":[{\"@type\":\"WebPage\",\"@id\":\"https:\\\/\\\/catherineosullivan.com\\\/datenschutz\\\/\",\"url\":\"https:\\\/\\\/catherineosullivan.com\\\/datenschutz\\\/\",\"name\":\"Datenschutz - Catherine O&#039; Sullivan Coaching\",\"isPartOf\":{\"@id\":\"https:\\\/\\\/catherineosullivan.com\\\/#website\"},\"datePublished\":\"2024-04-30T17:03:08+00:00\",\"dateModified\":\"2024-05-06T23:16:17+00:00\",\"breadcrumb\":{\"@id\":\"https:\\\/\\\/catherineosullivan.com\\\/datenschutz\\\/#breadcrumb\"},\"inLanguage\":\"fr-FR\",\"potentialAction\":[{\"@type\":\"ReadAction\",\"target\":[\"https:\\\/\\\/catherineosullivan.com\\\/datenschutz\\\/\"]}]},{\"@type\":\"BreadcrumbList\",\"@id\":\"https:\\\/\\\/catherineosullivan.com\\\/datenschutz\\\/#breadcrumb\",\"itemListElement\":[{\"@type\":\"ListItem\",\"position\":1,\"name\":\"Startseite\",\"item\":\"https:\\\/\\\/catherineosullivan.com\\\/\"},{\"@type\":\"ListItem\",\"position\":2,\"name\":\"Datenschutz\"}]},{\"@type\":\"WebSite\",\"@id\":\"https:\\\/\\\/catherineosullivan.com\\\/#website\",\"url\":\"https:\\\/\\\/catherineosullivan.com\\\/\",\"name\":\"Catherine O' Sullivan\",\"description\":\"Professional Coaching &amp; Hypnotherapy\",\"publisher\":{\"@id\":\"https:\\\/\\\/catherineosullivan.com\\\/#\\\/schema\\\/person\\\/8ed226bf1b68f227a3d50cdac716361e\"},\"potentialAction\":[{\"@type\":\"SearchAction\",\"target\":{\"@type\":\"EntryPoint\",\"urlTemplate\":\"https:\\\/\\\/catherineosullivan.com\\\/?s={search_term_string}\"},\"query-input\":{\"@type\":\"PropertyValueSpecification\",\"valueRequired\":true,\"valueName\":\"search_term_string\"}}],\"inLanguage\":\"fr-FR\"},{\"@type\":[\"Person\",\"Organization\"],\"@id\":\"https:\\\/\\\/catherineosullivan.com\\\/#\\\/schema\\\/person\\\/8ed226bf1b68f227a3d50cdac716361e\",\"name\":\"admin\",\"image\":{\"@type\":\"ImageObject\",\"inLanguage\":\"fr-FR\",\"@id\":\"https:\\\/\\\/catherineosullivan.com\\\/wp-content\\\/uploads\\\/2024\\\/04\\\/cos-logo01.png\",\"url\":\"https:\\\/\\\/catherineosullivan.com\\\/wp-content\\\/uploads\\\/2024\\\/04\\\/cos-logo01.png\",\"contentUrl\":\"https:\\\/\\\/catherineosullivan.com\\\/wp-content\\\/uploads\\\/2024\\\/04\\\/cos-logo01.png\",\"width\":2178,\"height\":1032,\"caption\":\"admin\"},\"logo\":{\"@id\":\"https:\\\/\\\/catherineosullivan.com\\\/wp-content\\\/uploads\\\/2024\\\/04\\\/cos-logo01.png\"},\"sameAs\":[\"https:\\\/\\\/catherineosullivan.com\"]}]}<\/script>\n<!-- \/ Yoast SEO plugin. -->","yoast_head_json":{"title":"Datenschutz - Catherine O&#039; Sullivan Coaching","robots":{"index":"index","follow":"follow","max-snippet":"max-snippet:-1","max-image-preview":"max-image-preview:large","max-video-preview":"max-video-preview:-1"},"canonical":"https:\/\/catherineosullivan.com\/fr\/datenschutz\/","og_locale":"fr_FR","og_type":"article","og_title":"Datenschutz - Catherine O&#039; Sullivan Coaching","og_description":"Datenschutz Wir freuen uns \u00fcber Ihr Interesse an unserer Website. Der Schutz Ihrer Privatsph\u00e4re ist f\u00fcr uns sehr wichtig. Nachfolgend informieren wir Sie ausf\u00fchrlich \u00fcber den Umgang mit Ihren Daten.&hellip;","og_url":"https:\/\/catherineosullivan.com\/fr\/datenschutz\/","og_site_name":"Catherine O&#039; Sullivan Coaching","article_modified_time":"2024-05-06T23:16:17+00:00","twitter_card":"summary_large_image","twitter_misc":{"Dur\u00e9e de lecture estim\u00e9e":"2 minutes"},"schema":{"@context":"https:\/\/schema.org","@graph":[{"@type":"WebPage","@id":"https:\/\/catherineosullivan.com\/datenschutz\/","url":"https:\/\/catherineosullivan.com\/datenschutz\/","name":"Datenschutz - Catherine O&#039; Sullivan Coaching","isPartOf":{"@id":"https:\/\/catherineosullivan.com\/#website"},"datePublished":"2024-04-30T17:03:08+00:00","dateModified":"2024-05-06T23:16:17+00:00","breadcrumb":{"@id":"https:\/\/catherineosullivan.com\/datenschutz\/#breadcrumb"},"inLanguage":"fr-FR","potentialAction":[{"@type":"ReadAction","target":["https:\/\/catherineosullivan.com\/datenschutz\/"]}]},{"@type":"BreadcrumbList","@id":"https:\/\/catherineosullivan.com\/datenschutz\/#breadcrumb","itemListElement":[{"@type":"ListItem","position":1,"name":"Startseite","item":"https:\/\/catherineosullivan.com\/"},{"@type":"ListItem","position":2,"name":"Datenschutz"}]},{"@type":"WebSite","@id":"https:\/\/catherineosullivan.com\/#website","url":"https:\/\/catherineosullivan.com\/","name":"Catherine O' Sullivan","description":"Professional Coaching &amp; Hypnotherapy","publisher":{"@id":"https:\/\/catherineosullivan.com\/#\/schema\/person\/8ed226bf1b68f227a3d50cdac716361e"},"potentialAction":[{"@type":"SearchAction","target":{"@type":"EntryPoint","urlTemplate":"https:\/\/catherineosullivan.com\/?s={search_term_string}"},"query-input":{"@type":"PropertyValueSpecification","valueRequired":true,"valueName":"search_term_string"}}],"inLanguage":"fr-FR"},{"@type":["Person","Organization"],"@id":"https:\/\/catherineosullivan.com\/#\/schema\/person\/8ed226bf1b68f227a3d50cdac716361e","name":"admin","image":{"@type":"ImageObject","inLanguage":"fr-FR","@id":"https:\/\/catherineosullivan.com\/wp-content\/uploads\/2024\/04\/cos-logo01.png","url":"https:\/\/catherineosullivan.com\/wp-content\/uploads\/2024\/04\/cos-logo01.png","contentUrl":"https:\/\/catherineosullivan.com\/wp-content\/uploads\/2024\/04\/cos-logo01.png","width":2178,"height":1032,"caption":"admin"},"logo":{"@id":"https:\/\/catherineosullivan.com\/wp-content\/uploads\/2024\/04\/cos-logo01.png"},"sameAs":["https:\/\/catherineosullivan.com"]}]}},"_links":{"self":[{"href":"http:\/\/catherineosullivan.com\/fr\/wp-json\/wp\/v2\/pages\/21067","targetHints":{"allow":["GET"]}}],"collection":[{"href":"http:\/\/catherineosullivan.com\/fr\/wp-json\/wp\/v2\/pages"}],"about":[{"href":"http:\/\/catherineosullivan.com\/fr\/wp-json\/wp\/v2\/types\/page"}],"author":[{"embeddable":true,"href":"http:\/\/catherineosullivan.com\/fr\/wp-json\/wp\/v2\/users\/1"}],"replies":[{"embeddable":true,"href":"http:\/\/catherineosullivan.com\/fr\/wp-json\/wp\/v2\/comments?post=21067"}],"version-history":[{"count":7,"href":"http:\/\/catherineosullivan.com\/fr\/wp-json\/wp\/v2\/pages\/21067\/revisions"}],"predecessor-version":[{"id":21184,"href":"http:\/\/catherineosullivan.com\/fr\/wp-json\/wp\/v2\/pages\/21067\/revisions\/21184"}],"wp:attachment":[{"href":"http:\/\/catherineosullivan.com\/fr\/wp-json\/wp\/v2\/media?parent=21067"}],"curies":[{"name":"wp","href":"https:\/\/api.w.org\/{rel}","templated":true}]}}