{"id":21062,"date":"2024-04-30T16:51:18","date_gmt":"2024-04-30T16:51:18","guid":{"rendered":"http:\/\/catherineosullivan.com\/?page_id=21062"},"modified":"2024-05-06T23:15:45","modified_gmt":"2024-05-06T23:15:45","slug":"impressum","status":"publish","type":"page","link":"https:\/\/catherineosullivan.com\/de\/impressum\/","title":{"rendered":"Impressum"},"content":{"rendered":"<div data-elementor-type=\"wp-page\" data-elementor-id=\"21062\" class=\"elementor elementor-21062\">\n\t\t\t\t\t\t<section class=\"elementor-section elementor-top-section elementor-element elementor-element-222c190 elementor-section-boxed elementor-section-height-default elementor-section-height-default sc_fly_static\" data-id=\"222c190\" data-element_type=\"section\" data-e-type=\"section\">\n\t\t\t\t\t\t<div class=\"elementor-container elementor-column-gap-extended\">\n\t\t\t\t\t<div class=\"elementor-column elementor-col-100 elementor-top-column elementor-element elementor-element-e5194ed sc_content_align_inherit sc_layouts_column_icons_position_left sc_fly_static\" data-id=\"e5194ed\" data-element_type=\"column\" data-e-type=\"column\">\n\t\t\t<div class=\"elementor-widget-wrap elementor-element-populated\">\n\t\t\t\t\t\t<div class=\"elementor-element elementor-element-7d65695 sc_fly_static elementor-widget elementor-widget-heading\" data-id=\"7d65695\" data-element_type=\"widget\" data-e-type=\"widget\" data-widget_type=\"heading.default\">\n\t\t\t\t<div class=\"elementor-widget-container\">\n\t\t\t\t\t<h2 class=\"elementor-heading-title elementor-size-default\">Impressum<\/h2>\t\t\t\t<\/div>\n\t\t\t\t<\/div>\n\t\t\t\t<div class=\"elementor-element elementor-element-98743ff sc_fly_static elementor-widget elementor-widget-text-editor\" data-id=\"98743ff\" data-element_type=\"widget\" data-e-type=\"widget\" data-widget_type=\"text-editor.default\">\n\t\t\t\t<div class=\"elementor-widget-container\">\n\t\t\t\t\t\t\t\t\t<p>Verantwortlich f\u00fcr den Inhalt dieser Website gem\u00e4\u00df \u00a7 5 TMG:<\/p><p>Catherine O&#8217; Sullivan<\/p><p>Im Reichswald 20<\/p><p>52080 Aachen<\/p><p>Deutschland<\/p><p>Kontakt: E-Mail: osullivancatherine@yahoo.com<\/p><p>Verantwortlich f\u00fcr den Inhalt nach \u00a7 55 Abs. 2 RStV:<\/p><p>Catherine O&#8217; Sullivan<\/p><p>Im Reichswald 20<\/p><p>52080 Aachen<\/p><p>Deutschland<\/p><p>Haftungsausschluss: F\u00fcr den Inhalt verlinkter Seiten sind ausschlie\u00dflich deren Betreiber verantwortlich. Trotz sorgf\u00e4ltiger inhaltlicher Kontrolle \u00fcbernehmen wir keine Haftung f\u00fcr die Inhalte externer Links. F\u00fcr den Inhalt der verlinkten Seiten sind ausschlie\u00dflich deren Betreiber verantwortlich.<\/p><p>Urheberrecht: Die durch die Seitenbetreiber erstellten Inhalte und Werke auf diesen Seiten unterliegen dem deutschen Urheberrecht. Die Vervielf\u00e4ltigung, Bearbeitung, Verbreitung und jede Art der Verwertung au\u00dferhalb der Grenzen des Urheberrechtes bed\u00fcrfen der schriftlichen Zustimmung des jeweiligen Autors bzw. Erstellers. Downloads und Kopien dieser Seite sind nur f\u00fcr den privaten, nicht kommerziellen Gebrauch gestattet.<\/p><p>Datenschutz: Die Nutzung unserer Webseite ist in der Regel ohne Angabe personenbezogener Daten m\u00f6glich. Soweit auf unseren Seiten personenbezogene Daten (beispielsweise Name, Anschrift oder E-Mail-Adressen) erhoben werden, erfolgt dies, soweit m\u00f6glich, stets auf freiwilliger Basis. Diese Daten werden ohne Ihre ausdr\u00fcckliche Zustimmung nicht an Dritte weitergegeben. Wir weisen darauf hin, dass die Daten\u00fcbertragung im Internet (z.B. bei der Kommunikation per E-Mail) Sicherheitsl\u00fccken aufweisen kann. Ein l\u00fcckenloser Schutz der Daten vor dem Zugriff durch Dritte ist nicht m\u00f6glich.<\/p>\t\t\t\t\t\t\t\t<\/div>\n\t\t\t\t<\/div>\n\t\t\t\t\t<\/div>\n\t\t<\/div>\n\t\t\t\t\t<\/div>\n\t\t<\/section>\n\t\t\t\t<\/div>","protected":false},"excerpt":{"rendered":"<p>Impressum Verantwortlich f\u00fcr den Inhalt dieser Website gem\u00e4\u00df \u00a7 5 TMG: Catherine O&#8217; Sullivan Im Reichswald 20 52080 Aachen Deutschland Kontakt: E-Mail: osullivancatherine@yahoo.com Verantwortlich f\u00fcr den Inhalt nach \u00a7 55&hellip;<\/p>","protected":false},"author":1,"featured_media":0,"parent":0,"menu_order":0,"comment_status":"closed","ping_status":"closed","template":"elementor_theme","meta":{"_crdt_document":"","footnotes":""},"class_list":["post-21062","page","type-page","status-publish","hentry"],"yoast_head":"<!-- This site is optimized with the Yoast SEO plugin v27.3 - https:\/\/yoast.com\/product\/yoast-seo-wordpress\/ -->\n<title>Impressum - Catherine O&#039; Sullivan Coaching<\/title>\n<meta name=\"robots\" content=\"index, follow, max-snippet:-1, max-image-preview:large, max-video-preview:-1\" \/>\n<link rel=\"canonical\" href=\"https:\/\/catherineosullivan.com\/de\/impressum\/\" \/>\n<meta property=\"og:locale\" content=\"de_DE\" \/>\n<meta property=\"og:type\" content=\"article\" \/>\n<meta property=\"og:title\" content=\"Impressum - Catherine O&#039; Sullivan Coaching\" \/>\n<meta property=\"og:description\" content=\"Impressum Verantwortlich f\u00fcr den Inhalt dieser Website gem\u00e4\u00df \u00a7 5 TMG: Catherine O&#8217; Sullivan Im Reichswald 20 52080 Aachen Deutschland Kontakt: E-Mail: osullivancatherine@yahoo.com Verantwortlich f\u00fcr den Inhalt nach \u00a7 55&hellip;\" \/>\n<meta property=\"og:url\" content=\"https:\/\/catherineosullivan.com\/de\/impressum\/\" \/>\n<meta property=\"og:site_name\" content=\"Catherine O&#039; Sullivan Coaching\" \/>\n<meta property=\"article:modified_time\" content=\"2024-05-06T23:15:45+00:00\" \/>\n<meta name=\"twitter:card\" content=\"summary_large_image\" \/>\n<meta name=\"twitter:label1\" content=\"Gesch\u00e4tzte Lesezeit\" \/>\n\t<meta name=\"twitter:data1\" content=\"1\u00a0Minute\" \/>\n<script type=\"application\/ld+json\" class=\"yoast-schema-graph\">{\"@context\":\"https:\\\/\\\/schema.org\",\"@graph\":[{\"@type\":\"WebPage\",\"@id\":\"https:\\\/\\\/catherineosullivan.com\\\/impressum\\\/\",\"url\":\"https:\\\/\\\/catherineosullivan.com\\\/impressum\\\/\",\"name\":\"Impressum - Catherine O&#039; Sullivan Coaching\",\"isPartOf\":{\"@id\":\"https:\\\/\\\/catherineosullivan.com\\\/#website\"},\"datePublished\":\"2024-04-30T16:51:18+00:00\",\"dateModified\":\"2024-05-06T23:15:45+00:00\",\"breadcrumb\":{\"@id\":\"https:\\\/\\\/catherineosullivan.com\\\/impressum\\\/#breadcrumb\"},\"inLanguage\":\"de\",\"potentialAction\":[{\"@type\":\"ReadAction\",\"target\":[\"https:\\\/\\\/catherineosullivan.com\\\/impressum\\\/\"]}]},{\"@type\":\"BreadcrumbList\",\"@id\":\"https:\\\/\\\/catherineosullivan.com\\\/impressum\\\/#breadcrumb\",\"itemListElement\":[{\"@type\":\"ListItem\",\"position\":1,\"name\":\"Startseite\",\"item\":\"https:\\\/\\\/catherineosullivan.com\\\/\"},{\"@type\":\"ListItem\",\"position\":2,\"name\":\"Impressum\"}]},{\"@type\":\"WebSite\",\"@id\":\"https:\\\/\\\/catherineosullivan.com\\\/#website\",\"url\":\"https:\\\/\\\/catherineosullivan.com\\\/\",\"name\":\"Catherine O' Sullivan\",\"description\":\"Professional Coaching &amp; Hypnotherapy\",\"publisher\":{\"@id\":\"https:\\\/\\\/catherineosullivan.com\\\/#\\\/schema\\\/person\\\/8ed226bf1b68f227a3d50cdac716361e\"},\"potentialAction\":[{\"@type\":\"SearchAction\",\"target\":{\"@type\":\"EntryPoint\",\"urlTemplate\":\"https:\\\/\\\/catherineosullivan.com\\\/?s={search_term_string}\"},\"query-input\":{\"@type\":\"PropertyValueSpecification\",\"valueRequired\":true,\"valueName\":\"search_term_string\"}}],\"inLanguage\":\"de\"},{\"@type\":[\"Person\",\"Organization\"],\"@id\":\"https:\\\/\\\/catherineosullivan.com\\\/#\\\/schema\\\/person\\\/8ed226bf1b68f227a3d50cdac716361e\",\"name\":\"admin\",\"image\":{\"@type\":\"ImageObject\",\"inLanguage\":\"de\",\"@id\":\"https:\\\/\\\/catherineosullivan.com\\\/wp-content\\\/uploads\\\/2024\\\/04\\\/cos-logo01.png\",\"url\":\"https:\\\/\\\/catherineosullivan.com\\\/wp-content\\\/uploads\\\/2024\\\/04\\\/cos-logo01.png\",\"contentUrl\":\"https:\\\/\\\/catherineosullivan.com\\\/wp-content\\\/uploads\\\/2024\\\/04\\\/cos-logo01.png\",\"width\":2178,\"height\":1032,\"caption\":\"admin\"},\"logo\":{\"@id\":\"https:\\\/\\\/catherineosullivan.com\\\/wp-content\\\/uploads\\\/2024\\\/04\\\/cos-logo01.png\"},\"sameAs\":[\"https:\\\/\\\/catherineosullivan.com\"]}]}<\/script>\n<!-- \/ Yoast SEO plugin. -->","yoast_head_json":{"title":"Impressum - Catherine O&#039; Sullivan Coaching","robots":{"index":"index","follow":"follow","max-snippet":"max-snippet:-1","max-image-preview":"max-image-preview:large","max-video-preview":"max-video-preview:-1"},"canonical":"https:\/\/catherineosullivan.com\/de\/impressum\/","og_locale":"de_DE","og_type":"article","og_title":"Impressum - Catherine O&#039; Sullivan Coaching","og_description":"Impressum Verantwortlich f\u00fcr den Inhalt dieser Website gem\u00e4\u00df \u00a7 5 TMG: Catherine O&#8217; Sullivan Im Reichswald 20 52080 Aachen Deutschland Kontakt: E-Mail: osullivancatherine@yahoo.com Verantwortlich f\u00fcr den Inhalt nach \u00a7 55&hellip;","og_url":"https:\/\/catherineosullivan.com\/de\/impressum\/","og_site_name":"Catherine O&#039; Sullivan Coaching","article_modified_time":"2024-05-06T23:15:45+00:00","twitter_card":"summary_large_image","twitter_misc":{"Gesch\u00e4tzte Lesezeit":"1\u00a0Minute"},"schema":{"@context":"https:\/\/schema.org","@graph":[{"@type":"WebPage","@id":"https:\/\/catherineosullivan.com\/impressum\/","url":"https:\/\/catherineosullivan.com\/impressum\/","name":"Impressum - Catherine O&#039; Sullivan Coaching","isPartOf":{"@id":"https:\/\/catherineosullivan.com\/#website"},"datePublished":"2024-04-30T16:51:18+00:00","dateModified":"2024-05-06T23:15:45+00:00","breadcrumb":{"@id":"https:\/\/catherineosullivan.com\/impressum\/#breadcrumb"},"inLanguage":"de","potentialAction":[{"@type":"ReadAction","target":["https:\/\/catherineosullivan.com\/impressum\/"]}]},{"@type":"BreadcrumbList","@id":"https:\/\/catherineosullivan.com\/impressum\/#breadcrumb","itemListElement":[{"@type":"ListItem","position":1,"name":"Startseite","item":"https:\/\/catherineosullivan.com\/"},{"@type":"ListItem","position":2,"name":"Impressum"}]},{"@type":"WebSite","@id":"https:\/\/catherineosullivan.com\/#website","url":"https:\/\/catherineosullivan.com\/","name":"Catherine O' Sullivan","description":"Professional Coaching &amp; Hypnotherapy","publisher":{"@id":"https:\/\/catherineosullivan.com\/#\/schema\/person\/8ed226bf1b68f227a3d50cdac716361e"},"potentialAction":[{"@type":"SearchAction","target":{"@type":"EntryPoint","urlTemplate":"https:\/\/catherineosullivan.com\/?s={search_term_string}"},"query-input":{"@type":"PropertyValueSpecification","valueRequired":true,"valueName":"search_term_string"}}],"inLanguage":"de"},{"@type":["Person","Organization"],"@id":"https:\/\/catherineosullivan.com\/#\/schema\/person\/8ed226bf1b68f227a3d50cdac716361e","name":"admin","image":{"@type":"ImageObject","inLanguage":"de","@id":"https:\/\/catherineosullivan.com\/wp-content\/uploads\/2024\/04\/cos-logo01.png","url":"https:\/\/catherineosullivan.com\/wp-content\/uploads\/2024\/04\/cos-logo01.png","contentUrl":"https:\/\/catherineosullivan.com\/wp-content\/uploads\/2024\/04\/cos-logo01.png","width":2178,"height":1032,"caption":"admin"},"logo":{"@id":"https:\/\/catherineosullivan.com\/wp-content\/uploads\/2024\/04\/cos-logo01.png"},"sameAs":["https:\/\/catherineosullivan.com"]}]}},"_links":{"self":[{"href":"https:\/\/catherineosullivan.com\/de\/wp-json\/wp\/v2\/pages\/21062","targetHints":{"allow":["GET"]}}],"collection":[{"href":"https:\/\/catherineosullivan.com\/de\/wp-json\/wp\/v2\/pages"}],"about":[{"href":"https:\/\/catherineosullivan.com\/de\/wp-json\/wp\/v2\/types\/page"}],"author":[{"embeddable":true,"href":"https:\/\/catherineosullivan.com\/de\/wp-json\/wp\/v2\/users\/1"}],"replies":[{"embeddable":true,"href":"https:\/\/catherineosullivan.com\/de\/wp-json\/wp\/v2\/comments?post=21062"}],"version-history":[{"count":10,"href":"https:\/\/catherineosullivan.com\/de\/wp-json\/wp\/v2\/pages\/21062\/revisions"}],"predecessor-version":[{"id":21181,"href":"https:\/\/catherineosullivan.com\/de\/wp-json\/wp\/v2\/pages\/21062\/revisions\/21181"}],"wp:attachment":[{"href":"https:\/\/catherineosullivan.com\/de\/wp-json\/wp\/v2\/media?parent=21062"}],"curies":[{"name":"wp","href":"https:\/\/api.w.org\/{rel}","templated":true}]}}